{"id":1856,"date":"2019-01-08T12:29:28","date_gmt":"2019-01-08T12:29:28","guid":{"rendered":"https:\/\/santorini-rental-scooter.com\/servizio-plus\/"},"modified":"2023-06-30T20:23:12","modified_gmt":"2023-06-30T20:23:12","slug":"servizio-plus","status":"publish","type":"page","link":"https:\/\/santorini-rental-scooter.com\/it\/servizio-plus\/","title":{"rendered":"Servizio Plus"},"content":{"rendered":"\t\t<div data-elementor-type=\"wp-post\" data-elementor-id=\"1856\" class=\"elementor elementor-1856 elementor-60\">\n\t\t\t\t\t\t<section class=\"elementor-section elementor-top-section elementor-element elementor-element-50335fd4 elementor-section-boxed elementor-section-height-default elementor-section-height-default\" data-id=\"50335fd4\" data-element_type=\"section\">\n\t\t\t\t\t\t<div class=\"elementor-container elementor-column-gap-extended\">\n\t\t\t\t\t<div class=\"elementor-column elementor-col-100 elementor-top-column elementor-element elementor-element-6591851a sc_inner_width_none sc_content_align_inherit sc_layouts_column_icons_position_left\" data-id=\"6591851a\" data-element_type=\"column\">\n\t\t\t<div class=\"elementor-widget-wrap elementor-element-populated\">\n\t\t\t\t\t\t<div class=\"elementor-element elementor-element-1a5b0833 sc_fly_static elementor-widget elementor-widget-text-editor\" data-id=\"1a5b0833\" data-element_type=\"widget\" data-widget_type=\"text-editor.default\">\n\t\t\t\t<div class=\"elementor-widget-container\">\n\t\t\t\t\t\t\t\t\t<h2>Gentili clienti,<\/h2>\n<p>Il nostro obiettivo primario \u00e8 sviluppare un framework di temi sicuro e personalizzabile che soddisfi le esigenze dell&#8217;utente finale. Pertanto, i nostri clienti sono in grado di creare siti web utilizzando i nostri modelli con la stessa facilit\u00e0 di 1-2-3! Questo processo richiede una conoscenza minima di WordPress e della codifica, nonch\u00e9 una documentazione estesa e il nostro team di assistenza \u00e8 sempre al vostro servizio. Tuttavia, vi chiediamo di tenere presente che a volte i problemi non sono dovuti al malfunzionamento dei template. Ci possono essere situazioni in cui non dipende da noi e dal quadro di riferimento. Ad esempio, le impostazioni del server, alcune funzioni extra che richiedono una profonda personalizzazione dei file o l&#8217;utilizzo di plugin aggiuntivi. E, naturalmente, il tentativo di costruire un sito web in tempi brevissimi.<\/p>\n<p>Conosciamo perfettamente il framework del nostro tema e disponiamo di un team di sviluppatori altamente professionale. Vi aiuteranno a sviluppare il sito web di cui avete bisogno. Se avete bisogno di una personalizzazione del sito web, contattate il nostro sistema di supporto per ulteriori informazioni: <a href=\"https:\/\/themerex.net\/support\/\" target=\"_blank\" rel=\"noopener\">https:\/\/themerex.net\/support\/<\/a><\/p>\n\t\t\t\t\t\t\t\t<\/div>\n\t\t\t\t<\/div>\n\t\t\t\t\t<\/div>\n\t\t<\/div>\n\t\t\t\t\t<\/div>\n\t\t<\/section>\n\t\t\t\t<section class=\"elementor-section elementor-top-section elementor-element elementor-element-40a2ac1 elementor-section-boxed elementor-section-height-default elementor-section-height-default\" data-id=\"40a2ac1\" data-element_type=\"section\">\n\t\t\t\t\t\t<div class=\"elementor-container elementor-column-gap-extended\">\n\t\t\t\t\t<div class=\"elementor-column elementor-col-100 elementor-top-column elementor-element elementor-element-418cbab7 sc_inner_width_none sc_content_align_inherit sc_layouts_column_icons_position_left\" data-id=\"418cbab7\" data-element_type=\"column\">\n\t\t\t<div class=\"elementor-widget-wrap elementor-element-populated\">\n\t\t\t\t\t\t<div class=\"elementor-element elementor-element-9afed86 sc_fly_static elementor-widget elementor-widget-heading\" data-id=\"9afed86\" data-element_type=\"widget\" data-widget_type=\"heading.default\">\n\t\t\t\t<div class=\"elementor-widget-container\">\n\t\t\t\t\t<h6 class=\"elementor-heading-title elementor-size-default\">personalizzazione<\/h6>\t\t\t\t<\/div>\n\t\t\t\t<\/div>\n\t\t\t\t\t<\/div>\n\t\t<\/div>\n\t\t\t\t\t<\/div>\n\t\t<\/section>\n\t\t\t\t<section class=\"elementor-section elementor-top-section elementor-element elementor-element-707c476a elementor-section-boxed elementor-section-height-default elementor-section-height-default\" data-id=\"707c476a\" data-element_type=\"section\">\n\t\t\t\t\t\t<div class=\"elementor-container elementor-column-gap-extended\">\n\t\t\t\t\t<div class=\"elementor-column elementor-col-100 elementor-top-column elementor-element elementor-element-3dd75963 sc_inner_width_none sc_content_align_inherit sc_layouts_column_icons_position_left\" data-id=\"3dd75963\" data-element_type=\"column\">\n\t\t\t<div class=\"elementor-widget-wrap elementor-element-populated\">\n\t\t\t\t\t\t<div class=\"elementor-element elementor-element-4a0596c6 sc_fly_static elementor-widget elementor-widget-heading\" data-id=\"4a0596c6\" data-element_type=\"widget\" data-widget_type=\"heading.default\">\n\t\t\t\t<div class=\"elementor-widget-container\">\n\t\t\t\t\t<h2 class=\"elementor-heading-title elementor-size-default\">Pacchetti<\/h2>\t\t\t\t<\/div>\n\t\t\t\t<\/div>\n\t\t\t\t\t<\/div>\n\t\t<\/div>\n\t\t\t\t\t<\/div>\n\t\t<\/section>\n\t\t\t\t<section class=\"elementor-section elementor-top-section elementor-element elementor-element-4ddf33a2 elementor-section-boxed elementor-section-height-default elementor-section-height-default\" data-id=\"4ddf33a2\" data-element_type=\"section\">\n\t\t\t\t\t\t<div class=\"elementor-container elementor-column-gap-extended\">\n\t\t\t\t\t<div class=\"elementor-column elementor-col-100 elementor-top-column elementor-element elementor-element-4934443a sc_inner_width_none sc_content_align_inherit sc_layouts_column_icons_position_left\" data-id=\"4934443a\" data-element_type=\"column\">\n\t\t\t<div class=\"elementor-widget-wrap elementor-element-populated\">\n\t\t\t\t\t\t<div class=\"elementor-element elementor-element-4426094a sc_height_medium sc_fly_static elementor-widget elementor-widget-spacer\" data-id=\"4426094a\" data-element_type=\"widget\" data-widget_type=\"spacer.default\">\n\t\t\t\t<div class=\"elementor-widget-container\">\n\t\t\t\t\t\t\t<div class=\"elementor-spacer\">\n\t\t\t<div class=\"elementor-spacer-inner\"><\/div>\n\t\t<\/div>\n\t\t\t\t\t\t<\/div>\n\t\t\t\t<\/div>\n\t\t\t\t\t<\/div>\n\t\t<\/div>\n\t\t\t\t\t<\/div>\n\t\t<\/section>\n\t\t\t\t<section class=\"elementor-section elementor-top-section elementor-element elementor-element-68384327 elementor-section-boxed elementor-section-height-default elementor-section-height-default\" data-id=\"68384327\" data-element_type=\"section\">\n\t\t\t\t\t\t<div class=\"elementor-container elementor-column-gap-extended\">\n\t\t\t\t\t<div class=\"elementor-column elementor-col-100 elementor-top-column elementor-element elementor-element-a8c7d0f sc_inner_width_none sc_content_align_inherit sc_layouts_column_icons_position_left\" data-id=\"a8c7d0f\" data-element_type=\"column\">\n\t\t\t<div class=\"elementor-widget-wrap elementor-element-populated\">\n\t\t\t\t\t\t<div class=\"elementor-element elementor-element-5035d8cd sc_fly_static elementor-widget elementor-widget-trx_sc_price\" data-id=\"5035d8cd\" data-element_type=\"widget\" data-widget_type=\"trx_sc_price.default\">\n\t\t\t\t<div class=\"elementor-widget-container\">\n\t\t\t\t\t<div  id=\"trx_sc_price_1891794557\" \n\tclass=\"sc_price sc_price_default\"><div class=\"sc_price_columns_wrap sc_item_columns trx_addons_columns_wrap columns_padding_bottom columns_in_single_row\"><div class=\"trx_addons_column-1_3\"><div class=\"sc_price_item sc_price_item_default\">\n\t\t\t<div class=\"sc_price_item_info\"><h3 class=\"sc_price_item_title\"><span>Installation + Logo change<\/span><\/h3><div class=\"sc_price_item_description\"><span>Regular<\/span><\/div><div class=\"sc_price_item_price\"><span class=\"sc_price_item_price_value\">$45<\/span><\/div><div class=\"sc_price_item_details\"><ul class=\"trx_addons_list trx_addons_list_dot\" style=\"text-align: left;\"><li>The template will be installed on your server exactly as the demo looks like. You will get access to the admin panel, so you can manage your website<\/li><li>We will replace the template\u2019s logo with yours on each page of the template. The logo has to be in good quality in .PSD, .EPS, .PNG, .JPG format. Logo width should be 300px and 600px<\/li><\/ul><\/div><a href=\"https:\/\/themerex.net\/downloads\/theme-installation\/?utm_source=demosplus&#038;utm_medium=demosplus&#038;utm_campaign=demosplus\" class=\"sc_price_item_link sc_button\" target=\"_blank\">Grab this deal<\/a><\/div><!-- \/.sc_price_item_info --><\/div><\/div><div class=\"trx_addons_column-1_3\"><div class=\"sc_price_item sc_price_item_default\">\n\t\t\t<div class=\"sc_price_item_info\"><h3 class=\"sc_price_item_title\"><span>Ready-to-use Website<\/span><\/h3><div class=\"sc_price_item_description\"><span>Silver<\/span><\/div><div class=\"sc_price_item_price\"><span class=\"sc_price_item_price_value\">$395<\/span><\/div><div class=\"sc_price_item_details\"><ul class=\"trx_addons_list trx_addons_list_dot\" style=\"text-align: left;\"><li>Theme installation on you server with your logo<\/li><li>Google map with your address set<\/li><li>Content and images replacement up to 6 pages (without layout change)<\/li><li>Removing elements that you do not need on your website<\/li><li>Social icons set (without changing theme layout)<\/li><li>Color scheme replacement<\/li><\/ul><\/div><a href=\"https:\/\/themerex.net\/downloads\/ready-use-website\/?utm_source=demosplus&#038;utm_medium=demosplus&#038;utm_campaign=demosplus\" class=\"sc_price_item_link sc_button\" target=\"_blank\">Grab this deal<\/a><\/div><!-- \/.sc_price_item_info --><\/div><\/div><div class=\"trx_addons_column-1_3\"><div class=\"sc_price_item sc_price_item_default\">\n\t\t\t<div class=\"sc_price_item_info\"><h3 class=\"sc_price_item_title\"><span>Full Website Package<\/span><\/h3><div class=\"sc_price_item_description\"><span>Gold<\/span><\/div><div class=\"sc_price_item_price\"><span class=\"sc_price_item_price_value\">$699<\/span><\/div><div class=\"sc_price_item_details\"><ul class=\"trx_addons_list trx_addons_list_dot\" style=\"text-align: left;\"><li>WordPress and theme installation<\/li><li>Customization of website branding<\/li><li>Color scheme replacement<\/li><li>Content setup (adding 6 pages, 6 posts, Revolution sliders)<\/li><li>SEO Essentials<\/li><li>Website speed optimization<\/li><\/ul><\/div><a href=\"https:\/\/themerex.net\/downloads\/full-website-package\/?utm_source=demosplus&#038;utm_medium=demosplus&#038;utm_campaign=demosplus\" class=\"sc_price_item_link sc_button\" target=\"_blank\">Grab this deal<\/a><\/div><!-- \/.sc_price_item_info --><\/div><\/div><\/div><\/div><!-- \/.sc_price -->\t\t\t\t<\/div>\n\t\t\t\t<\/div>\n\t\t\t\t\t<\/div>\n\t\t<\/div>\n\t\t\t\t\t<\/div>\n\t\t<\/section>\n\t\t\t\t<\/div>\n\t\t","protected":false},"excerpt":{"rendered":"<p>Gentili clienti, Il nostro obiettivo primario \u00e8 sviluppare un framework di temi sicuro e personalizzabile che soddisfi le esigenze dell&#8217;utente finale. Pertanto, i nostri clienti sono in grado di creare siti web&hellip;<\/p>\n","protected":false},"author":1,"featured_media":0,"parent":0,"menu_order":0,"comment_status":"closed","ping_status":"closed","template":"","meta":{"om_disable_all_campaigns":false,"_monsterinsights_skip_tracking":false,"_monsterinsights_sitenote_active":false,"_monsterinsights_sitenote_note":"","_monsterinsights_sitenote_category":0,"footnotes":""},"class_list":["post-1856","page","type-page","status-publish","hentry"],"aioseo_notices":[],"_links":{"self":[{"href":"https:\/\/santorini-rental-scooter.com\/it\/wp-json\/wp\/v2\/pages\/1856","targetHints":{"allow":["GET"]}}],"collection":[{"href":"https:\/\/santorini-rental-scooter.com\/it\/wp-json\/wp\/v2\/pages"}],"about":[{"href":"https:\/\/santorini-rental-scooter.com\/it\/wp-json\/wp\/v2\/types\/page"}],"author":[{"embeddable":true,"href":"https:\/\/santorini-rental-scooter.com\/it\/wp-json\/wp\/v2\/users\/1"}],"replies":[{"embeddable":true,"href":"https:\/\/santorini-rental-scooter.com\/it\/wp-json\/wp\/v2\/comments?post=1856"}],"version-history":[{"count":2,"href":"https:\/\/santorini-rental-scooter.com\/it\/wp-json\/wp\/v2\/pages\/1856\/revisions"}],"predecessor-version":[{"id":1862,"href":"https:\/\/santorini-rental-scooter.com\/it\/wp-json\/wp\/v2\/pages\/1856\/revisions\/1862"}],"wp:attachment":[{"href":"https:\/\/santorini-rental-scooter.com\/it\/wp-json\/wp\/v2\/media?parent=1856"}],"curies":[{"name":"wp","href":"https:\/\/api.w.org\/{rel}","templated":true}]}}