{"id":1888,"date":"2019-01-11T10:37:22","date_gmt":"2019-01-11T10:37:22","guid":{"rendered":"https:\/\/santorini-rental-scooter.com\/testimonianze\/"},"modified":"2023-06-30T20:23:19","modified_gmt":"2023-06-30T20:23:19","slug":"testimonianze","status":"publish","type":"page","link":"https:\/\/santorini-rental-scooter.com\/it\/testimonianze\/","title":{"rendered":"Testimonianze"},"content":{"rendered":"\t\t<div data-elementor-type=\"wp-post\" data-elementor-id=\"1888\" class=\"elementor elementor-1888 elementor-292\">\n\t\t\t\t\t\t<section class=\"elementor-section elementor-top-section elementor-element elementor-element-6f7ab78 elementor-section-stretched elementor-section-boxed elementor-section-height-default elementor-section-height-default\" data-id=\"6f7ab78\" data-element_type=\"section\" data-settings=\"{&quot;stretch_section&quot;:&quot;section-stretched&quot;,&quot;background_background&quot;:&quot;classic&quot;}\">\n\t\t\t\t\t\t<div class=\"elementor-container elementor-column-gap-extended\">\n\t\t\t\t\t<div class=\"elementor-column elementor-col-100 elementor-top-column elementor-element elementor-element-1a9d5e6 sc_inner_width_none sc_content_align_inherit sc_layouts_column_icons_position_left\" data-id=\"1a9d5e6\" data-element_type=\"column\">\n\t\t\t<div class=\"elementor-widget-wrap elementor-element-populated\">\n\t\t\t\t\t\t<div class=\"elementor-element elementor-element-9c58426 sc_fly_static elementor-widget elementor-widget-shortcode\" data-id=\"9c58426\" data-element_type=\"widget\" data-widget_type=\"shortcode.default\">\n\t\t\t\t<div class=\"elementor-widget-container\">\n\t\t\t\t\t\t\t<div class=\"elementor-shortcode\"><div class=\"strong-view strong-view-id-2 default wpmtst-default\" data-count=\"9\" data-state=\"idle\"><div class=\"strong-content strong-masonry columns-3\"><div class=\"wpmtst-testimonial testimonial post-2020\"><div class=\"wpmtst-testimonial-inner testimonial-inner\"><h3 class=\"wpmtst-testimonial-heading testimonial-heading\">Mila Collier<\/h3><div    class=\"wpmtst-testimonial-content testimonial-content\"><div class=\"wpmtst-testimonial-image testimonial-image\"><img decoding=\"async\" width=\"150\" height=\"150\" src=\"https:\/\/santorini-rental-scooter.com\/wp-content\/uploads\/2019\/01\/1test-copyright-150x150.jpg\" class=\"attachment-thumbnail size-thumbnail wp-post-image\" alt=\"\" srcset=\"https:\/\/santorini-rental-scooter.com\/wp-content\/uploads\/2019\/01\/1test-copyright-150x150.jpg 150w, https:\/\/santorini-rental-scooter.com\/wp-content\/uploads\/2019\/01\/1test-copyright-300x300.jpg 300w, https:\/\/santorini-rental-scooter.com\/wp-content\/uploads\/2019\/01\/1test-copyright-768x768.jpg 768w, https:\/\/santorini-rental-scooter.com\/wp-content\/uploads\/2019\/01\/1test-copyright-370x370.jpg 370w, https:\/\/santorini-rental-scooter.com\/wp-content\/uploads\/2019\/01\/1test-copyright-90x90.jpg 90w, https:\/\/santorini-rental-scooter.com\/wp-content\/uploads\/2019\/01\/1test-copyright-760x760.jpg 760w, https:\/\/santorini-rental-scooter.com\/wp-content\/uploads\/2019\/01\/1test-copyright.jpg 900w\" sizes=\"(max-width: 150px) 100vw, 150px\" \/><\/div><div class=\"maybe-clear\"><\/div><p>&#8220;Molto soddisfatto dello scooter, del servizio e dell&#8217;app di facile utilizzo. Lavorate molto velocemente, ragazzi. Utilizzer\u00f2 di nuovo il vostro servizio amichevole e lo consiglier\u00f2 ai miei amici e colleghi. Grazie ancora una volta!&#8221;.<\/p><\/div><div class=\"wpmtst-testimonial-field testimonial-field testimonial-name\">Mila Collier<\/div><div class=\"clear\"><\/div><\/div><\/div><div class=\"wpmtst-testimonial testimonial post-2019\"><div class=\"wpmtst-testimonial-inner testimonial-inner\"><h3 class=\"wpmtst-testimonial-heading testimonial-heading\">James Gordon<\/h3><div    class=\"wpmtst-testimonial-content testimonial-content\"><div class=\"wpmtst-testimonial-image testimonial-image\"><img decoding=\"async\" width=\"150\" height=\"150\" src=\"https:\/\/santorini-rental-scooter.com\/wp-content\/uploads\/2019\/01\/3test-copyright-150x150.jpg\" class=\"attachment-thumbnail size-thumbnail wp-post-image\" alt=\"\" srcset=\"https:\/\/santorini-rental-scooter.com\/wp-content\/uploads\/2019\/01\/3test-copyright-150x150.jpg 150w, https:\/\/santorini-rental-scooter.com\/wp-content\/uploads\/2019\/01\/3test-copyright-300x300.jpg 300w, https:\/\/santorini-rental-scooter.com\/wp-content\/uploads\/2019\/01\/3test-copyright-768x768.jpg 768w, https:\/\/santorini-rental-scooter.com\/wp-content\/uploads\/2019\/01\/3test-copyright-370x370.jpg 370w, https:\/\/santorini-rental-scooter.com\/wp-content\/uploads\/2019\/01\/3test-copyright-90x90.jpg 90w, https:\/\/santorini-rental-scooter.com\/wp-content\/uploads\/2019\/01\/3test-copyright-760x760.jpg 760w, https:\/\/santorini-rental-scooter.com\/wp-content\/uploads\/2019\/01\/3test-copyright.jpg 900w\" sizes=\"(max-width: 150px) 100vw, 150px\" \/><\/div><div class=\"maybe-clear\"><\/div><p>&#8220;Il personale \u00e8 stato estremamente disponibile e ha dato ottimi consigli su strade, ecc. Siamo rimasti piacevolmente sorpresi dallo scooter e non esiteremo a tornare da voi. Il viaggio per andare a trovare mio cugino era uno dei motivi per cui siamo rimasti in citt\u00e0 e il noleggio dello scooter ci ha permesso di vedere di pi\u00f9.&#8221;<\/p><\/div><div class=\"wpmtst-testimonial-field testimonial-field testimonial-name\">James Gordon<\/div><div class=\"clear\"><\/div><\/div><\/div><div class=\"wpmtst-testimonial testimonial post-2021\"><div class=\"wpmtst-testimonial-inner testimonial-inner\"><h3 class=\"wpmtst-testimonial-heading testimonial-heading\">Maisie Kaur<\/h3><div    class=\"wpmtst-testimonial-content testimonial-content\"><div class=\"wpmtst-testimonial-image testimonial-image\"><img decoding=\"async\" width=\"150\" height=\"150\" src=\"https:\/\/santorini-rental-scooter.com\/wp-content\/uploads\/2019\/01\/2test-copyright-150x150.jpg\" class=\"attachment-thumbnail size-thumbnail wp-post-image\" alt=\"\" srcset=\"https:\/\/santorini-rental-scooter.com\/wp-content\/uploads\/2019\/01\/2test-copyright-150x150.jpg 150w, https:\/\/santorini-rental-scooter.com\/wp-content\/uploads\/2019\/01\/2test-copyright-300x300.jpg 300w, https:\/\/santorini-rental-scooter.com\/wp-content\/uploads\/2019\/01\/2test-copyright-768x768.jpg 768w, https:\/\/santorini-rental-scooter.com\/wp-content\/uploads\/2019\/01\/2test-copyright-370x370.jpg 370w, https:\/\/santorini-rental-scooter.com\/wp-content\/uploads\/2019\/01\/2test-copyright-90x90.jpg 90w, https:\/\/santorini-rental-scooter.com\/wp-content\/uploads\/2019\/01\/2test-copyright-760x760.jpg 760w, https:\/\/santorini-rental-scooter.com\/wp-content\/uploads\/2019\/01\/2test-copyright.jpg 900w\" sizes=\"(max-width: 150px) 100vw, 150px\" \/><\/div><div class=\"maybe-clear\"><\/div><p>Personale eccellente e scooter davvero impressionanti. Ho noleggiato un Tweet 125cc giallo e posso dire che ha fatto il mio viaggio! Ora voglio comprarmene uno perch\u00e9 \u00e8 pi\u00f9 facile spostarsi in scooter in citt\u00e0. Grazie, Scooter Santorini!<\/p><\/div><div class=\"wpmtst-testimonial-field testimonial-field testimonial-name\">Maisie Kaur<\/div><div class=\"clear\"><\/div><\/div><\/div><div class=\"wpmtst-testimonial testimonial post-2024\"><div class=\"wpmtst-testimonial-inner testimonial-inner\"><h3 class=\"wpmtst-testimonial-heading testimonial-heading\">Robert Brooks<\/h3><div    class=\"wpmtst-testimonial-content testimonial-content\"><div class=\"wpmtst-testimonial-image testimonial-image\"><img loading=\"lazy\" decoding=\"async\" width=\"150\" height=\"150\" src=\"https:\/\/santorini-rental-scooter.com\/wp-content\/uploads\/2019\/01\/4test-copyright-150x150.jpg\" class=\"attachment-thumbnail size-thumbnail wp-post-image\" alt=\"\" srcset=\"https:\/\/santorini-rental-scooter.com\/wp-content\/uploads\/2019\/01\/4test-copyright-150x150.jpg 150w, https:\/\/santorini-rental-scooter.com\/wp-content\/uploads\/2019\/01\/4test-copyright-300x300.jpg 300w, https:\/\/santorini-rental-scooter.com\/wp-content\/uploads\/2019\/01\/4test-copyright-768x768.jpg 768w, https:\/\/santorini-rental-scooter.com\/wp-content\/uploads\/2019\/01\/4test-copyright-370x370.jpg 370w, https:\/\/santorini-rental-scooter.com\/wp-content\/uploads\/2019\/01\/4test-copyright-90x90.jpg 90w, https:\/\/santorini-rental-scooter.com\/wp-content\/uploads\/2019\/01\/4test-copyright-760x760.jpg 760w, https:\/\/santorini-rental-scooter.com\/wp-content\/uploads\/2019\/01\/4test-copyright.jpg 900w\" sizes=\"(max-width: 150px) 100vw, 150px\" \/><\/div><div class=\"maybe-clear\"><\/div><p>&#8220;Grazie mille per l&#8217;impeccabile servizio di noleggio! So che posso fidarmi di voi quando viaggio dalla costa orientale a quella occidentale: avete uffici in tutto il paese, e questo \u00e8 fantastico!<\/p><\/div><div class=\"wpmtst-testimonial-field testimonial-field testimonial-name\">Robert Brooks<\/div><div class=\"clear\"><\/div><\/div><\/div><div class=\"wpmtst-testimonial testimonial post-2027\"><div class=\"wpmtst-testimonial-inner testimonial-inner\"><h3 class=\"wpmtst-testimonial-heading testimonial-heading\">Linda Woods<\/h3><div    class=\"wpmtst-testimonial-content testimonial-content\"><div class=\"wpmtst-testimonial-image testimonial-image\"><img loading=\"lazy\" decoding=\"async\" width=\"150\" height=\"150\" src=\"https:\/\/santorini-rental-scooter.com\/wp-content\/uploads\/2019\/01\/5test-copyright-150x150.jpg\" class=\"attachment-thumbnail size-thumbnail wp-post-image\" alt=\"\" srcset=\"https:\/\/santorini-rental-scooter.com\/wp-content\/uploads\/2019\/01\/5test-copyright-150x150.jpg 150w, https:\/\/santorini-rental-scooter.com\/wp-content\/uploads\/2019\/01\/5test-copyright-300x300.jpg 300w, https:\/\/santorini-rental-scooter.com\/wp-content\/uploads\/2019\/01\/5test-copyright-768x768.jpg 768w, https:\/\/santorini-rental-scooter.com\/wp-content\/uploads\/2019\/01\/5test-copyright-370x370.jpg 370w, https:\/\/santorini-rental-scooter.com\/wp-content\/uploads\/2019\/01\/5test-copyright-90x90.jpg 90w, https:\/\/santorini-rental-scooter.com\/wp-content\/uploads\/2019\/01\/5test-copyright-760x760.jpg 760w, https:\/\/santorini-rental-scooter.com\/wp-content\/uploads\/2019\/01\/5test-copyright.jpg 900w\" sizes=\"(max-width: 150px) 100vw, 150px\" \/><\/div><div class=\"maybe-clear\"><\/div><p>&#8220;Quando si tratta di trascorrere le vacanze con la mia famiglia o una vacanza con gli amici, mi piace passare il tempo con comodit\u00e0. La gamma \u00e8 sempre ampia e possiamo scegliere tutto ci\u00f2 che vogliamo, dal pi\u00f9 confortevole al pi\u00f9 estremo. Grazie per averci dato questa opportunit\u00e0!<\/p><\/div><div class=\"wpmtst-testimonial-field testimonial-field testimonial-name\">Linda Woods<\/div><div class=\"clear\"><\/div><\/div><\/div><div class=\"wpmtst-testimonial testimonial post-2026\"><div class=\"wpmtst-testimonial-inner testimonial-inner\"><h3 class=\"wpmtst-testimonial-heading testimonial-heading\">Viktor Wise<\/h3><div    class=\"wpmtst-testimonial-content testimonial-content\"><div class=\"wpmtst-testimonial-image testimonial-image\"><img loading=\"lazy\" decoding=\"async\" width=\"150\" height=\"150\" src=\"https:\/\/santorini-rental-scooter.com\/wp-content\/uploads\/2019\/01\/6test-copyright-150x150.jpg\" class=\"attachment-thumbnail size-thumbnail wp-post-image\" alt=\"\" srcset=\"https:\/\/santorini-rental-scooter.com\/wp-content\/uploads\/2019\/01\/6test-copyright-150x150.jpg 150w, https:\/\/santorini-rental-scooter.com\/wp-content\/uploads\/2019\/01\/6test-copyright-300x300.jpg 300w, https:\/\/santorini-rental-scooter.com\/wp-content\/uploads\/2019\/01\/6test-copyright-768x768.jpg 768w, https:\/\/santorini-rental-scooter.com\/wp-content\/uploads\/2019\/01\/6test-copyright-370x370.jpg 370w, https:\/\/santorini-rental-scooter.com\/wp-content\/uploads\/2019\/01\/6test-copyright-90x90.jpg 90w, https:\/\/santorini-rental-scooter.com\/wp-content\/uploads\/2019\/01\/6test-copyright-760x760.jpg 760w, https:\/\/santorini-rental-scooter.com\/wp-content\/uploads\/2019\/01\/6test-copyright.jpg 900w\" sizes=\"(max-width: 150px) 100vw, 150px\" \/><\/div><div class=\"maybe-clear\"><\/div><p>&#8220;Ci\u00f2 che mi piace di pi\u00f9 della vostra azienda \u00e8 che la vostra politica \u00e8 sempre stata orientata al cliente. Se c&#8217;\u00e8 un malfunzionamento o un incidente, voi coprite i vostri clienti. Un servizio incredibile!&#8221;.<\/p><\/div><div class=\"wpmtst-testimonial-field testimonial-field testimonial-name\">Viktor Wise<\/div><div class=\"clear\"><\/div><\/div><\/div><div class=\"wpmtst-testimonial testimonial post-2022\"><div class=\"wpmtst-testimonial-inner testimonial-inner\"><h3 class=\"wpmtst-testimonial-heading testimonial-heading\">Amanda Davidson<\/h3><div    class=\"wpmtst-testimonial-content testimonial-content\"><div class=\"wpmtst-testimonial-image testimonial-image\"><img loading=\"lazy\" decoding=\"async\" width=\"150\" height=\"150\" src=\"https:\/\/santorini-rental-scooter.com\/wp-content\/uploads\/2019\/01\/7test-copyright-150x150.jpg\" class=\"attachment-thumbnail size-thumbnail wp-post-image\" alt=\"\" srcset=\"https:\/\/santorini-rental-scooter.com\/wp-content\/uploads\/2019\/01\/7test-copyright-150x150.jpg 150w, https:\/\/santorini-rental-scooter.com\/wp-content\/uploads\/2019\/01\/7test-copyright-300x300.jpg 300w, https:\/\/santorini-rental-scooter.com\/wp-content\/uploads\/2019\/01\/7test-copyright-768x768.jpg 768w, https:\/\/santorini-rental-scooter.com\/wp-content\/uploads\/2019\/01\/7test-copyright-370x370.jpg 370w, https:\/\/santorini-rental-scooter.com\/wp-content\/uploads\/2019\/01\/7test-copyright-90x90.jpg 90w, https:\/\/santorini-rental-scooter.com\/wp-content\/uploads\/2019\/01\/7test-copyright-760x760.jpg 760w, https:\/\/santorini-rental-scooter.com\/wp-content\/uploads\/2019\/01\/7test-copyright.jpg 900w\" sizes=\"(max-width: 150px) 100vw, 150px\" \/><\/div><div class=\"maybe-clear\"><\/div><p>&#8220;Servizio super! Non c&#8217;\u00e8 niente di meglio di un bel giro in scooter con gli amici e grazie a voi possiamo sempre noleggiare nuovi scooter in qualsiasi citt\u00e0 del nostro Stato. Consigliato al 100%!<\/p><\/div><div class=\"wpmtst-testimonial-field testimonial-field testimonial-name\">Amanda Davidson<\/div><div class=\"clear\"><\/div><\/div><\/div><div class=\"wpmtst-testimonial testimonial post-2025\"><div class=\"wpmtst-testimonial-inner testimonial-inner\"><h3 class=\"wpmtst-testimonial-heading testimonial-heading\">Dean Brown<\/h3><div    class=\"wpmtst-testimonial-content testimonial-content\"><div class=\"wpmtst-testimonial-image testimonial-image\"><img loading=\"lazy\" decoding=\"async\" width=\"150\" height=\"150\" src=\"https:\/\/santorini-rental-scooter.com\/wp-content\/uploads\/2019\/01\/8test-copyright-150x150.jpg\" class=\"attachment-thumbnail size-thumbnail wp-post-image\" alt=\"\" srcset=\"https:\/\/santorini-rental-scooter.com\/wp-content\/uploads\/2019\/01\/8test-copyright-150x150.jpg 150w, https:\/\/santorini-rental-scooter.com\/wp-content\/uploads\/2019\/01\/8test-copyright-300x300.jpg 300w, https:\/\/santorini-rental-scooter.com\/wp-content\/uploads\/2019\/01\/8test-copyright-768x768.jpg 768w, https:\/\/santorini-rental-scooter.com\/wp-content\/uploads\/2019\/01\/8test-copyright-370x370.jpg 370w, https:\/\/santorini-rental-scooter.com\/wp-content\/uploads\/2019\/01\/8test-copyright-90x90.jpg 90w, https:\/\/santorini-rental-scooter.com\/wp-content\/uploads\/2019\/01\/8test-copyright-760x760.jpg 760w, https:\/\/santorini-rental-scooter.com\/wp-content\/uploads\/2019\/01\/8test-copyright.jpg 900w\" sizes=\"(max-width: 150px) 100vw, 150px\" \/><\/div><div class=\"maybe-clear\"><\/div><p>Trattamento perfetto per il cliente, il personale ci ha mostrato i posti migliori da visitare in citt\u00e0. Abbiamo scaricato l&#8217;app e non abbiamo perso tempo a camminare per la citt\u00e0 per trovare il servizio necessario, tutto era a portata di mano. Torneremo, grazie!<\/p><\/div><div class=\"wpmtst-testimonial-field testimonial-field testimonial-name\">Dean Brown<\/div><div class=\"clear\"><\/div><\/div><\/div><div class=\"wpmtst-testimonial testimonial post-2023\"><div class=\"wpmtst-testimonial-inner testimonial-inner\"><h3 class=\"wpmtst-testimonial-heading testimonial-heading\">Robert Green<\/h3><div    class=\"wpmtst-testimonial-content testimonial-content\"><div class=\"wpmtst-testimonial-image testimonial-image\"><img loading=\"lazy\" decoding=\"async\" width=\"150\" height=\"150\" src=\"https:\/\/santorini-rental-scooter.com\/wp-content\/uploads\/2019\/01\/9test-copyright-150x150.jpg\" class=\"attachment-thumbnail size-thumbnail wp-post-image\" alt=\"\" srcset=\"https:\/\/santorini-rental-scooter.com\/wp-content\/uploads\/2019\/01\/9test-copyright-150x150.jpg 150w, https:\/\/santorini-rental-scooter.com\/wp-content\/uploads\/2019\/01\/9test-copyright-300x300.jpg 300w, https:\/\/santorini-rental-scooter.com\/wp-content\/uploads\/2019\/01\/9test-copyright-768x768.jpg 768w, https:\/\/santorini-rental-scooter.com\/wp-content\/uploads\/2019\/01\/9test-copyright-370x370.jpg 370w, https:\/\/santorini-rental-scooter.com\/wp-content\/uploads\/2019\/01\/9test-copyright-90x90.jpg 90w, https:\/\/santorini-rental-scooter.com\/wp-content\/uploads\/2019\/01\/9test-copyright-760x760.jpg 760w, https:\/\/santorini-rental-scooter.com\/wp-content\/uploads\/2019\/01\/9test-copyright.jpg 900w\" sizes=\"(max-width: 150px) 100vw, 150px\" \/><\/div><div class=\"maybe-clear\"><\/div><p>&#8220;Ho conosciuto la vostra azienda dopo che uno dei miei amici ha noleggiato uno scooter in una delle vostre sedi. Era soddisfatto di tutto e me l&#8217;ha raccomandato. Quest&#8217;estate ho provato personalmente il vostro servizio e sono completamente soddisfatto. I prezzi sono buoni e la scelta \u00e8 ampia. Grazie per quello che fate!<\/p><\/div><div class=\"wpmtst-testimonial-field testimonial-field testimonial-name\">Robert Green<\/div><div class=\"clear\"><\/div><\/div><\/div><\/div><\/div><\/div>\n\t\t\t\t\t\t<\/div>\n\t\t\t\t<\/div>\n\t\t\t\t\t<\/div>\n\t\t<\/div>\n\t\t\t\t\t<\/div>\n\t\t<\/section>\n\t\t\t\t<section class=\"elementor-section elementor-top-section elementor-element elementor-element-37b39f9 elementor-section-boxed elementor-section-height-default elementor-section-height-default\" data-id=\"37b39f9\" data-element_type=\"section\">\n\t\t\t\t\t\t<div class=\"elementor-container elementor-column-gap-no\">\n\t\t\t\t\t<div class=\"elementor-column elementor-col-16 elementor-top-column elementor-element elementor-element-6b37de5 sc_inner_width_none sc_content_align_inherit sc_layouts_column_icons_position_left\" data-id=\"6b37de5\" data-element_type=\"column\">\n\t\t\t<div class=\"elementor-widget-wrap\">\n\t\t\t\t\t\t\t<\/div>\n\t\t<\/div>\n\t\t\t\t<div class=\"elementor-column elementor-col-66 elementor-top-column elementor-element elementor-element-dceb77c sc_inner_width_none sc_content_align_inherit sc_layouts_column_icons_position_left\" data-id=\"dceb77c\" data-element_type=\"column\">\n\t\t\t<div class=\"elementor-widget-wrap elementor-element-populated\">\n\t\t\t\t\t\t<div class=\"elementor-element elementor-element-00b2322 sc_fly_static elementor-widget elementor-widget-trx_sc_title\" data-id=\"00b2322\" data-element_type=\"widget\" data-widget_type=\"trx_sc_title.default\">\n\t\t\t\t<div class=\"elementor-widget-container\">\n\t\t\t\t\t<div id=\"trx_sc_title_83047913\"\n\t\tclass=\"sc_title sc_title_default\"><span class=\"sc_item_subtitle sc_title_subtitle sc_align_center sc_item_subtitle_above sc_item_title_style_default\">your testimonial<\/span><h2 class=\"sc_item_title sc_title_title sc_align_center sc_item_title_style_default\"><span class=\"sc_item_title_text\">Add Your Feedback<\/span><\/h2><\/div><!-- \/.sc_title -->\t\t\t\t<\/div>\n\t\t\t\t<\/div>\n\t\t\t\t<div class=\"elementor-element elementor-element-e9e1477 sc_fly_static elementor-widget elementor-widget-spacer\" data-id=\"e9e1477\" data-element_type=\"widget\" data-widget_type=\"spacer.default\">\n\t\t\t\t<div class=\"elementor-widget-container\">\n\t\t\t\t\t\t\t<div class=\"elementor-spacer\">\n\t\t\t<div class=\"elementor-spacer-inner\"><\/div>\n\t\t<\/div>\n\t\t\t\t\t\t<\/div>\n\t\t\t\t<\/div>\n\t\t\t\t<div class=\"elementor-element elementor-element-74079ca sc_fly_static elementor-widget elementor-widget-shortcode\" data-id=\"74079ca\" data-element_type=\"widget\" data-widget_type=\"shortcode.default\">\n\t\t\t\t<div class=\"elementor-widget-container\">\n\t\t\t\t\t\t\t<div class=\"elementor-shortcode\"><div class=\"strong-view strong-form strong-view-id-1 default-form wpmtst-default-form\" data-state=\"idle\"><div class=\"strong-form-wait\" data-formid=\"1\"><div class=\"message\"><img decoding=\"async\" src=\"https:\/\/santorini-rental-scooter.com\/wp-content\/plugins\/strong-testimonials\/assets\/public\/svg\/spinner-solid.svg\" alt=\"Strong Testimonials form submission spinner.\"><\/div><\/div><div class=\"wpmtst-form wpmtst-form-id-1\"><div class=\"strong-form-inner\"><p class=\"required-notice\"><span class=\"required symbol\"><\/span>Required\t\t<\/p><form class=\"wpmtst-submission-form\" method=\"post\" enctype=\"multipart\/form-data\" autocomplete=\"off\" data-config=\"{&quot;scroll&quot;:{&quot;onError&quot;:true,&quot;onErrorOffset&quot;:80,&quot;onSuccess&quot;:true,&quot;onSuccessOffset&quot;:80},&quot;fields&quot;:[{&quot;name&quot;:&quot;client_name&quot;,&quot;type&quot;:&quot;text&quot;,&quot;required&quot;:1},{&quot;name&quot;:&quot;age&quot;,&quot;type&quot;:&quot;text&quot;,&quot;required&quot;:1},{&quot;name&quot;:&quot;post_content&quot;,&quot;type&quot;:&quot;textarea&quot;,&quot;required&quot;:1}]}\" data-formid = \"1\"><div style=\"display: none;\"><input type=\"hidden\" id=\"wpmtst_form_nonce\" name=\"wpmtst_form_nonce\" value=\"2a4af0e8fe\" \/><input type=\"hidden\" name=\"_wp_http_referer\" value=\"\/it\/wp-json\/wp\/v2\/pages\/1888\" \/><input type=\"hidden\" name=\"action\" value=\"wpmtst_form\"><input type=\"hidden\" name=\"form_id\" value=\"1\"><input type=\"hidden\" name=\"default_category\" value=\"\"><input type=\"hidden\" name=\"view_id\" value=\"1\"><input type=\"hidden\" name=\"category\" value=\"\"><\/div><div class=\"form-field field-client_name\"><input id=\"wpmtst_client_name\" type=\"text\" class=\"text\" name=\"client_name\"  value=\"\" placeholder=\"Your Name\"   required tabindex=\"0\"><span class=\"after\"><\/span><\/div><div class=\"form-field field-age\"><input id=\"wpmtst_age\" type=\"text\" class=\"text\" name=\"age\"  value=\"\" placeholder=\"Your Age\"   required tabindex=\"0\"><span class=\"after\"><\/span><\/div><div class=\"form-field field-post_content\"><textarea id=\"wpmtst_post_content\" name=\"post_content\" class=\"textarea\"  required placeholder=\"Your Feedback\"  tabindex=\"0\"><\/textarea><span class=\"after\"><\/span><\/div><div class=\"form-field wpmtst-submit\"><label><input type=\"submit\" class=\"wpmtst_submit_testimonial\" name=\"wpmtst_submit_testimonial\" value=\"Add Testimonial\" class=\"button\" tabindex=\"0\"><\/label><\/div><\/form><\/div><\/div><\/div><\/div>\n\t\t\t\t\t\t<\/div>\n\t\t\t\t<\/div>\n\t\t\t\t\t<\/div>\n\t\t<\/div>\n\t\t\t\t<div class=\"elementor-column elementor-col-16 elementor-top-column elementor-element elementor-element-27ecd72 sc_inner_width_none sc_content_align_inherit sc_layouts_column_icons_position_left\" data-id=\"27ecd72\" data-element_type=\"column\">\n\t\t\t<div class=\"elementor-widget-wrap\">\n\t\t\t\t\t\t\t<\/div>\n\t\t<\/div>\n\t\t\t\t\t<\/div>\n\t\t<\/section>\n\t\t\t\t<\/div>\n\t\t","protected":false},"excerpt":{"rendered":"<p>your testimonial Add Your Feedback<\/p>\n","protected":false},"author":1,"featured_media":0,"parent":0,"menu_order":0,"comment_status":"closed","ping_status":"closed","template":"","meta":{"om_disable_all_campaigns":false,"_monsterinsights_skip_tracking":false,"_monsterinsights_sitenote_active":false,"_monsterinsights_sitenote_note":"","_monsterinsights_sitenote_category":0,"footnotes":""},"class_list":["post-1888","page","type-page","status-publish","hentry"],"aioseo_notices":[],"_links":{"self":[{"href":"https:\/\/santorini-rental-scooter.com\/it\/wp-json\/wp\/v2\/pages\/1888","targetHints":{"allow":["GET"]}}],"collection":[{"href":"https:\/\/santorini-rental-scooter.com\/it\/wp-json\/wp\/v2\/pages"}],"about":[{"href":"https:\/\/santorini-rental-scooter.com\/it\/wp-json\/wp\/v2\/types\/page"}],"author":[{"embeddable":true,"href":"https:\/\/santorini-rental-scooter.com\/it\/wp-json\/wp\/v2\/users\/1"}],"replies":[{"embeddable":true,"href":"https:\/\/santorini-rental-scooter.com\/it\/wp-json\/wp\/v2\/comments?post=1888"}],"version-history":[{"count":2,"href":"https:\/\/santorini-rental-scooter.com\/it\/wp-json\/wp\/v2\/pages\/1888\/revisions"}],"predecessor-version":[{"id":1892,"href":"https:\/\/santorini-rental-scooter.com\/it\/wp-json\/wp\/v2\/pages\/1888\/revisions\/1892"}],"wp:attachment":[{"href":"https:\/\/santorini-rental-scooter.com\/it\/wp-json\/wp\/v2\/media?parent=1888"}],"curies":[{"name":"wp","href":"https:\/\/api.w.org\/{rel}","templated":true}]}}